{"id":2421,"date":"2021-04-12T09:35:45","date_gmt":"2021-04-12T07:35:45","guid":{"rendered":"http:\/\/kako-localize.pl\/?page_id=2421"},"modified":"2024-03-13T12:55:44","modified_gmt":"2024-03-13T11:55:44","slug":"regulamin-archiwalny","status":"publish","type":"page","link":"https:\/\/kako-localize.pl\/en\/regulamin-archiwalny\/","title":{"rendered":"Regulamin &#8211; archiwalny"},"content":{"rendered":"\n<p><strong>REGULAMIN US\u0141UGI &#8222;NEWSLETTER&#8221;<\/strong><\/p>\n\n\n\n<p><em>[stosuje si\u0119 do um\u00f3w zawartych od dnia 25 maja 2018 r.]<\/em><\/p>\n\n\n\n<p>Niniejszy Regulamin okre\u015bla zasady i warunki \u015bwiadczenia przez <em>Kamila Koz\u0142owska prowadz\u0105ca dzia\u0142alno\u015b\u0107 gospodarcz\u0105 pod nazw\u0105 KAKO-localize z siedzib\u0105 ul. Mi\u0119dzyleska 3e\/37, 50-514 Wroc\u0142aw;<\/em> nieodp\u0142atnej us\u0142ugi &#8222;Newsletter&#8221; drog\u0105 elektroniczn\u0105.<\/p>\n\n\n\n<p><strong>\u00a7 1<\/strong><\/p>\n\n\n\n<p>\u201eNewsletter\u201d &#8211; elektroniczna us\u0142uga dystrybucyjna \u015bwiadczona przez <em>KAKO-localize z siedzib\u0105 we Wroc\u0142awiu <\/em>za po\u015brednictwem poczty elektronicznej e-mail, kt\u00f3ra umo\u017cliwia wszystkim korzystaj\u0105cym z niej osobom automatyczne otrzymywanie cyklicznych tre\u015bci kolejnych edycji newslettera zawieraj\u0105cego informacje o produktach, nowo\u015bciach, promocjach, konkursach, wydarzeniach, i kolekcjach KAKO-localize z siedzib\u0105 we Wroc\u0142awiu, \u015bwiadczona na zasadach opisanych w niniejszym Regulaminie.<\/p>\n\n\n\n<p><strong>\u00a7 2<\/strong><\/p>\n\n\n\n<p>Us\u0142uga \u015bwiadczona jest przez:<\/p>\n\n\n\n<p><em>Kamila Koz\u0142owska prowadz\u0105ca dzia\u0142alno\u015b\u0107 gospodarcz\u0105 pod nazw\u0105 KAKO-localize z siedzib\u0105 ul. Mi\u0119dzyleska 3e\/37, 50-514 Wroc\u0142aw; NIP 8992859645; info@kako-localize.pl<\/em> (zwan\u0105 dalej r\u00f3wnie\u017c jako: \u201eUS\u0141UGODAWCA\u201d)<\/p>\n\n\n\n<p>Dane kontaktowe:<\/p>\n\n\n\n<p>Adres do korespondencji: <em>Kamila Koz\u0142owska prowadz\u0105ca dzia\u0142alno\u015b\u0107 gospodarcz\u0105 pod nazw\u0105 KAKO-localize z siedzib\u0105 ul. Mi\u0119dzyleska 3e\/37, 50-514 Wroc\u0142aw; NIP 8992859645; <\/em>Adres poczty elektronicznej: <em>info@kako-localize.pl<\/em>&nbsp;<\/p>\n\n\n\n<p><strong>\u00a7 3<\/strong><\/p>\n\n\n\n<p>Przed wyra\u017ceniem zgody na korzystanie z us\u0142ugi \u201eNewsletter\u201d nale\u017cy uwa\u017cnie zapozna\u0107 si\u0119 niniejszym Regulaminem.<\/p>\n\n\n\n<p><strong>\u00a7 4<\/strong><\/p>\n\n\n\n<p>Z us\u0142ugi Newsletter mo\u017ce korzysta\u0107 osoba fizyczna, albo dzia\u0142aj\u0105ca przez osob\u0119 umocowan\u0105 osoba prawna, albo jednostka organizacyjna nieposiadaj\u0105ca osobowo\u015bci prawnej, kt\u00f3rej ustawa przyznaje zdolno\u015b\u0107 prawn\u0105, posiadaj\u0105ca pe\u0142n\u0105 zdolno\u015b\u0107 do czynno\u015bci prawnych (dalej r\u00f3wnie\u017c: \u201eUs\u0142ugobiorca\u201d). W przypadku, gdy Us\u0142ugobiorc\u0105 jest osoba fizyczna o ograniczonej zdolno\u015bci do czynno\u015bci prawnych, w przypadku takiej potrzeby zobowi\u0105zuje si\u0119 ona uzyska\u0107 prawnie skuteczn\u0105 zgod\u0119 swojego przedstawiciela ustawowego na zawarcie umowy o \u015bwiadczenie us\u0142ugi Newsletter (dalej r\u00f3wnie\u017c: \u201eUmowa\u201d) oraz okaza\u0107 tak\u0105 zgod\u0119 na ka\u017cde \u017c\u0105danie ADO, przy czym co do zasady Umowa ma charakter umowy powszechnie zawieranej w drobnych bie\u017c\u0105cych sprawach \u017cycia codziennego. US\u0141UGODAWCA nie pobiera od Us\u0142ugobiorc\u00f3w op\u0142at za \u015bwiadczenie Newslettera.<\/p>\n\n\n\n<p><strong>\u00a7 5<\/strong><\/p>\n\n\n\n<p>Dla korzystania z us\u0142ugi wymagane jest urz\u0105dzenie z dost\u0119pem do Internetu, dowolna przegl\u0105darka internetowa oraz czynna i prawid\u0142owo skonfigurowana poczta elektroniczna.<\/p>\n\n\n\n<p><strong>\u00a7 6<\/strong><\/p>\n\n\n\n<p>Us\u0142uga \u201eNewsletter\u201d \u015bwiadczona jest wy\u0142\u0105cznie dla zarejestrowanych os\u00f3b. Aby dokona\u0107 rejestracji nale\u017cy:<\/p>\n\n\n\n<p>Wype\u0142ni\u0107 formularz rejestracyjny dost\u0119pny na stronie internetowej: <a href=\"https:\/\/kako-localize.pl\/\"><strong><em>https:\/\/kako-localize.pl\/<\/em><\/strong><\/a><\/p>\n\n\n\n<p><strong>\u00a7 7<\/strong><\/p>\n\n\n\n<p>W celu dokonania rejestracji nale\u017cy wykona\u0107 nast\u0119puj\u0105ce czynno\u015bci:<\/p>\n\n\n\n<p>a. Wype\u0142ni\u0107 prawid\u0142owo formularz:<\/p>\n\n\n\n<p>i. W pole o nazwie \u201eWpisz sw\u00f3j adres e-mail\u201d nale\u017cy wprowadzi\u0107 adres e-mail, na kt\u00f3ry wysy\u0142ane maj\u0105 by\u0107 tre\u015bci kolejnych edycji Newslettera. Wpisany adres e-mail musi nale\u017ce\u0107 lub by\u0107 w dyspozycji osoby rejestruj\u0105cej si\u0119. Niedozwolone jest wykorzystywanie adres\u00f3w poczty elektronicznej, kt\u00f3re nie nale\u017c\u0105 do os\u00f3b dokonuj\u0105cych rejestracji.<\/p>\n\n\n\n<p>ii. Wyrazi\u0107 odr\u0119bn\u0105 zgod\u0119 na przesy\u0142anie informacji handlowych drog\u0105 elektroniczn\u0105.<\/p>\n\n\n\n<p>iii. U\u017cytkownik dobrowolnie mo\u017ce wyrazi\u0107 r\u00f3wnie\u017c zgod\u0119 na przetwarzanie podanych danych do cel\u00f3w marketingowych przez KAKO-localize z siedzib\u0105 we Wroc\u0142awiu<\/p>\n\n\n\n<p>b. Klikn\u0105\u0107 na przycisk \u201eZapisz\u201d (w przypadku rejestracji poprzez stron\u0119 www). Po tej czynno\u015bci na adres e-mail, wprowadzony w procesie rejestracyjnym, wys\u0142ana zostanie informacja zawieraj\u0105ca link do procesu weryfikuj\u0105cego \u017c\u0105danie dodania skrzynki pocztowej do listy dystrybucyjnej us\u0142ugi \u201eNewsletter\u201d.<\/p>\n\n\n\n<p>c. Klikn\u0105\u0107 na nades\u0142any na podany adres e-mail link do procesu weryfikuj\u0105cego \u017c\u0105danie dodania skrzynki pocztowej do listy dystrybucyjnej us\u0142ugi \u201eNewsletter\u201d. Czynno\u015b\u0107 ta potwierdza wol\u0119 dodania posiadacza rejestrowanego adresu e-mail do listy dystrybucyjnej us\u0142ugi \u201eNewsletter\u201d. Od tej chwili, na zarejestrowane konto email nadsy\u0142ane b\u0119d\u0105 przez KAKO-localize z siedzib\u0105 we Wroc\u0142awiu tre\u015bci kolejnych edycji us\u0142ugi \u201eNewsletter\u201d.<\/p>\n\n\n\n<p><strong>\u00a7 8<\/strong><\/p>\n\n\n\n<p>KAKO-localize z siedzib\u0105 we Wroc\u0142awiu przetwarza zgromadzone dane osobowe zgodnie z ustaw\u0105 z dnia 18 lipca 2002 r. o \u015bwiadczeniu us\u0142ug drog\u0105 elektroniczn\u0105 (tekst jednolity Dz. U. z 2019 r., poz. 123) oraz Rozporz\u0105dzeniem Parlamentu Europejskiego i Rady (UE) 2016\/679 z dnia 27 kwietnia 2016 r. w sprawie ochrony os\u00f3b fizycznych w zwi\u0105zku z przetwarzaniem danych osobowych i w sprawie swobodnego przep\u0142ywu takich danych oraz uchylenia dyrektywy 95\/46\/WE (\u201eRozporz\u0105dzenie\u201d) i ustaw\u0105 z dnia 10 maja 2018 r. o ochronie danych osobowych (Dz. U. z 2018 r., poz. 1000) . <em>Kamila Koz\u0142owska prowadz\u0105ca dzia\u0142alno\u015b\u0107 gospodarcz\u0105 pod nazw\u0105 KAKO-localize z siedzib\u0105 ul. Mi\u0119dzyleska 3e\/37, 50-514 Wroc\u0142aw; NIP 8992859645; info@kako-localize.pl<\/em>, jako administrator danych osobowych, mo\u017ce powierzy\u0107 innym podmiotom \u2013 wsp\u00f3\u0142pracuj\u0105cym z KAKO-localize z siedzib\u0105 we Wroc\u0142awiu, w drodze umowy zawartej na pi\u015bmie, przetwarzanie danych osobowych. Dane osobowe U\u017cytkownik\u00f3w mog\u0105 by\u0107 udost\u0119pnianie podmiotom uprawnionym do ich \u017c\u0105dania na mocy przepis\u00f3w prawa, w tym w szczeg\u00f3lno\u015bci organom wymiaru sprawiedliwo\u015bci lub organowi nadzoru z zakresu ochrony danych osobowych. Zasady przetwarzania danych osobowych opisane s\u0105 w Polityce prywatno\u015bci.<\/p>\n\n\n\n<p><strong>\u00a7 9<\/strong><\/p>\n\n\n\n<p>Us\u0142uga Newsletter jest \u015bwiadczona nieodp\u0142atnie i w czasie nieoznaczonym od momentu zarejestrowania si\u0119 U\u017cytkownika do momentu rezygnacji przez U\u017cytkownika lub wypowiedzenia Us\u0142ugi przez Sp\u00f3\u0142k\u0119.<\/p>\n\n\n\n<p><strong>\u00a7 10<\/strong><\/p>\n\n\n\n<p>U\u017cytkownik w ka\u017cdym momencie ma prawo zrezygnowa\u0107 z us\u0142ugi \u201eNewsletter\u201d. Subskrypcj\u0119 mo\u017cna anulowa\u0107, klikaj\u0105c na link &#8222;Rezygnacja&#8221; znajduj\u0105cy si\u0119 w stopce ka\u017cdego z przes\u0142anych list\u00f3w elektronicznych.<\/p>\n\n\n\n<p><strong>\u00a7 11<\/strong><\/p>\n\n\n\n<p>US\u0141UGODAWCA mo\u017ce w ka\u017cdym czasie rozwi\u0105za\u0107 Umow\u0119 za miesi\u0119cznym okresem wypowiedzenia z nast\u0119puj\u0105cych wa\u017cnych powod\u00f3w:<\/p>\n\n\n\n<p>a) zmiana przepis\u00f3w prawa reguluj\u0105cych \u015bwiadczenie us\u0142ug drog\u0105 elektroniczn\u0105 przez Sp\u00f3\u0142k\u0119 wp\u0142ywaj\u0105ca na wzajemne prawa i obowi\u0105zki okre\u015blone w Umowie lub zmiana interpretacji powy\u017cszych przepis\u00f3w prawa wskutek orzecze\u0144 s\u0105d\u00f3w, decyzji, rekomendacji lub zalece\u0144 w\u0142a\u015bciwych w danym zakresie urz\u0119d\u00f3w lub organ\u00f3w;<\/p>\n\n\n\n<p>b) zmiana sposobu \u015bwiadczenia us\u0142ug spowodowana wy\u0142\u0105cznie wzgl\u0119dami technicznymi lub technologicznymi (w szczeg\u00f3lno\u015bci aktualizacji wymaga\u0144 technicznych wskazanych w niniejszym Regulaminie);<\/p>\n\n\n\n<p>c) zmiana zakresu lub \u015bwiadczenia us\u0142ug, do kt\u00f3rych stosuj\u0105 si\u0119 zapisy Regulaminu, poprzez wprowadzenie nowych, modyfikacj\u0119 lub wycofanie przez US\u0141UGODAWC\u0118 dotychczasowych funkcjonalno\u015bci lub us\u0142ug obj\u0119tych Regulaminem.<\/p>\n\n\n\n<p><strong>\u00a7 12<\/strong><\/p>\n\n\n\n<p>US\u0141UGODAWCA swoje o\u015bwiadczenie w zakresie okre\u015blonym w par 11 powy\u017cej wysy\u0142a na adres e-mail podany przez Us\u0142ugobiorc\u0119 podczas rejestracji do us\u0142ugi Newsletter.<\/p>\n\n\n\n<p><strong>\u00a7 13<\/strong><\/p>\n\n\n\n<p>US\u0141UGODAWCA mo\u017ce wypowiedzie\u0107 Us\u0142ugobiorcy Umow\u0119 za siedmiodniowym okresem wypowiedzenia lub odm\u00f3wi\u0107 mu dalszego prawa do korzystania z us\u0142ugi Newsletter, jak r\u00f3wnie\u017c mo\u017ce ograniczy\u0107 jego dost\u0119p do cz\u0119\u015bci lub ca\u0142o\u015bci tre\u015bci je\u015bli Us\u0142ugobiorca korzysta z tre\u015bci Newslettera w spos\u00f3b niezgodny z przepisami obowi\u0105zuj\u0105cego prawa oraz naruszaj\u0105c prawa os\u00f3b trzecich, postanowienia Regulaminu, a tak\u017ce przyj\u0119te w tym zakresie zwyczaj\u00f3w i zasadam wsp\u00f3\u0142\u017cycia spo\u0142ecznego.<\/p>\n\n\n\n<p><strong>\u00a7 14<\/strong><\/p>\n\n\n\n<p>Usuni\u0119cie konta pocztowego U\u017cytkownika i danych osobowych z bazy adresowej Newslettera nast\u0119puje natychmiastowo i sygnalizowane jest komunikatem potwierdzaj\u0105cym operacj\u0119.<\/p>\n\n\n\n<p><strong>\u00a7 15<\/strong><\/p>\n\n\n\n<p>Klient subskrybuj\u0105c Newsletter wyra\u017ca zgod\u0119 na wysy\u0142anie przez KAKO-localize z siedzib\u0105 we Wroc\u0142awiu za po\u015brednictwem Newslettera reklam oraz informacji handlowych w rozumieniu ustawy z dnia 18 lipca 2002 r. o \u015bwiadczeniu us\u0142ug drog\u0105 elektroniczn\u0105 na konto e-mail U\u017cytkownika.<\/p>\n\n\n\n<p><strong>\u00a7 16<\/strong><\/p>\n\n\n\n<p>Administratorem podanych przez U\u017cytkownika danych osobowych jest <em>Kamila Koz\u0142owska prowadz\u0105ca dzia\u0142alno\u015b\u0107 gospodarcz\u0105 pod nazw\u0105 KAKO-localize z siedzib\u0105 ul. Mi\u0119dzyleska 3e\/37, 50-514 Wroc\u0142aw; NIP 8992859645; <\/em><a href=\"mailto:info@kako-localize.pl\"><em>info@kako-localize.pl<\/em><\/a><em>, dalej zwany ADO (Administrator Danych Osobowych)<\/em><\/p>\n\n\n\n<p><strong>\u00a7 17<\/strong><\/p>\n\n\n\n<p>U\u017cytkownik mo\u017ce kontaktowa\u0107 si\u0119 z KAKO-localize z siedzib\u0105 we Wroc\u0142awiu &nbsp;za pomoc\u0105 poczty tradycyjnej na adres: <em>KAKO-localize z siedzib\u0105 ul. Mi\u0119dzyleska 3e\/37, 50-514 Wroc\u0142aw; NIP 8992859645; <\/em>Adres poczty elektronicznej: <em>info@kako-localize.pl<\/em><\/p>\n\n\n\n<p><strong>\u00a7 18<\/strong><\/p>\n\n\n\n<p>Dane osobowe U\u017cytkownika s\u0105 przetwarzane do cel\u00f3w marketingowych na podstawie wyra\u017conej przez U\u017cytkownika zgody, obejmuj\u0105cej zgod\u0119 na przesy\u0142anie informacji drog\u0105 telefoniczn\u0105 lub mailow\u0105 (podstawa prawna przetwarzania: art. 6 ust. 1 lit a) Rozporz\u0105dzenia). U\u017cytkownik ma prawo nie poda\u0107 swoich danych osobowych, jednak w takiej sytuacji U\u017cytkownik nie b\u0119dzie m\u00f3g\u0142 otrzymywa\u0107 \u017cadnych informacji handlowych.<\/p>\n\n\n\n<p><strong>\u00a7 19<\/strong><\/p>\n\n\n\n<p>Zgodnie z obowi\u0105zuj\u0105cym prawem dane osobowe U\u017cytkownika mo\u017cemy przekazywa\u0107 podmiotom przetwarzaj\u0105cym je na nasze zlecenie, tj. firmom \u015bwiadcz\u0105cym us\u0142ugi informatyczne, partnerom biznesowym.<\/p>\n\n\n\n<p><strong>\u00a7 20<\/strong><\/p>\n\n\n\n<p>Dane osobowe Klient\u00f3w mog\u0105 by\u0107 udost\u0119pnianie podmiotom uprawnionym do ich \u017c\u0105dania na mocy przepis\u00f3w prawa, w tym w szczeg\u00f3lno\u015bci organom wymiaru sprawiedliwo\u015bci lub organowi nadzoru z zakresu ochrony danych osobowych<\/p>\n\n\n\n<p><strong>\u00a7 21<\/strong><\/p>\n\n\n\n<p>Dane osobowe Klient\u00f3w nie s\u0105 przekazywane do odbiorc\u00f3w w pa\u0144stwach trzecich, tj. poza Europejski Obszar Gospodarczy (EOG) ani organizacjom mi\u0119dzynarodowym.<\/p>\n\n\n\n<p><strong>\u00a7 22<\/strong><\/p>\n\n\n\n<p>Dane osobowe U\u017cytkownika b\u0119d\u0105 przechowywane na czas wa\u017cno\u015bci zgody na przetwarzanie danych osobowych w celach marketingowych oraz na otrzymywanie informacji handlowych drog\u0105 elektroniczn\u0105.<\/p>\n\n\n\n<p><strong>\u00a7 23<\/strong><\/p>\n\n\n\n<p>W zwi\u0105zku z przetwarzaniem danych osobowych ka\u017cdemu U\u017cytkownikowi przys\u0142uguje prawo do:<\/p>\n\n\n\n<p>a) \u017c\u0105dania od ADO dost\u0119pu do danych osobowych,<\/p>\n\n\n\n<p>b) \u017c\u0105dania od ADO sprostowania danych osobowych,<\/p>\n\n\n\n<p>c) \u017c\u0105dania od ADO usuni\u0119cia danych osobowych,<\/p>\n\n\n\n<p>d) \u017c\u0105dania od ADO ograniczenia przetwarzania danych osobowych,<\/p>\n\n\n\n<p>e) wniesienia sprzeciwu wobec przetwarzania danych osobowych,<\/p>\n\n\n\n<p>f) przenoszenia danych osobowych U\u017cytkownika na jego \u017cyczenie.<\/p>\n\n\n\n<p>Z praw powy\u017cej wskazanych Klient mo\u017ce skorzysta\u0107 poprzez list wys\u0142any poczty tradycyjnej na adres: KAKO-localize z siedzib\u0105 we Wroc\u0142awiu &nbsp;za pomoc\u0105 poczty tradycyjnej na adres: <em>KAKO-localize z siedzib\u0105 ul. Mi\u0119dzyleska 3e\/37, 50-514 Wroc\u0142aw; NIP 8992859645; <\/em>Adres poczty elektronicznej: <a href=\"mailto:info@kako-localize.pl\"><em>info@kako-localize.pl<\/em><\/a>, z dopiskiem \u201edane osobowe\u201d.<\/p>\n\n\n\n<p><strong>\u00a7 24<\/strong><\/p>\n\n\n\n<p>W zwi\u0105zku z przetwarzaniem &nbsp;danych osobowych Klientowi przys\u0142uguje &nbsp;prawo do wniesienia skargi do organu nadzorczego.<\/p>\n\n\n\n<p><strong>\u00a7 25<\/strong><\/p>\n\n\n\n<p>Administrator dok\u0142ada wszelkich stara\u0144, aby zapewni\u0107 wszelkie \u015brodki fizycznej, technicznej i organizacyjnej ochrony danych osobowych przed ich przypadkowym czy umy\u015blnym zniszczeniem, przypadkow\u0105 utrat\u0105, zmian\u0105, nieuprawnionym ujawnieniem, wykorzystaniem czy dost\u0119pem, zgodnie ze wszystkimi obowi\u0105zuj\u0105cymi przepisami.<\/p>\n\n\n\n<p><strong>\u00a7 26<\/strong><\/p>\n\n\n\n<p>Dane osobowe s\u0105 przetwarzane elektronicznie, zgodnie z metodami i procedurami zwi\u0105zanymi z celami przetwarzania, o kt\u00f3rych mowa powy\u017cej.<\/p>\n\n\n\n<p><strong>\u00a7 27<\/strong><\/p>\n\n\n\n<p>Reklamacje dotycz\u0105ce us\u0142ugi nale\u017cy kierowa\u0107 za po\u015brednictwem poczty elektronicznej na adres: info@kako-localize.pl. W zg\u0142oszeniu reklamacji nale\u017cy opisa\u0107 szczeg\u00f3\u0142owo zaistnia\u0142y problem.<\/p>\n\n\n\n<p><strong>\u00a7 28<\/strong><\/p>\n\n\n\n<p>Odpowiedzi na reklamacje udzielane b\u0119d\u0105 w terminie 14 dni od dnia otrzymania reklamacji, poczt\u0105 elektroniczn\u0105 na adres, z kt\u00f3rego otrzymano zg\u0142oszenie reklamacji.<\/p>\n\n\n\n<p><strong>\u00a7 29<\/strong><\/p>\n\n\n\n<p>Regulamin stanowi wzorzec umowny w rozumieniu art. 384 \u00a7 1 ustawy kodeks cywilny z dnia 23 kwietnia 1964 r. (Dz.U. Nr 16, poz. 93 ze zm.).<\/p>\n\n\n\n<p><strong>\u00a7 30<\/strong><\/p>\n\n\n\n<p>Wy\u0142\u0105czne prawa do wszelkich element\u00f3w, w tym utwor\u00f3w w rozumieniu ustawy o prawie autorskim i prawach pokrewnych z dnia 4 lutego 1994 r. (Dz.U. z 2019 r., poz. 1231), udost\u0119pnianych przez Sp\u00f3\u0142k\u0119 lub partner\u00f3w ADO, w szczeg\u00f3lno\u015bci maj\u0105tkowe prawa autorskie, przys\u0142uguj\u0105 Sp\u00f3\u0142ce lub jej partnerom. Us\u0142ugobiorca jest uprawniony do korzystania z ww. tre\u015bci nieodp\u0142atnie wy\u0142\u0105cznie w zakresie w\u0142asnego u\u017cytku osobistego i wy\u0142\u0105cznie w celu prawid\u0142owego korzystania z us\u0142ugi Newsletter, na terenie ca\u0142ego \u015bwiata.<\/p>\n\n\n\n<p><strong>\u00a7 31<\/strong><\/p>\n\n\n\n<p>KAKO-localize z siedzib\u0105 we Wroc\u0142awiu zastrzega sobie prawo do zmiany Regulaminu. O tre\u015bci zmian Regulaminu poinformujemy U\u017cytkownik\u00f3w przez umieszczenie na stronie internetowej <a href=\"https:\/\/kako-localize.pl\/\"><strong><em>https:\/\/kako-localize.pl\/<\/em><\/strong><\/a>wiadomo\u015bci o zmianie Regulaminu.<\/p>\n\n\n\n<p><strong>\u00a7 32<\/strong><\/p>\n\n\n\n<p>O zmianie Regulaminu U\u017cytkownik zostanie dodatkowo powiadomiony przez przes\u0142anie za po\u015brednictwem Newslettera, informacji zawieraj\u0105cej zestawienie zmian Regulaminu. Poinformowanie o zmianie Regulaminu nast\u0105pi nie p\u00f3\u017aniej ni\u017c na 14 dni kalendarzowych przed wprowadzeniem zmienionego Regulaminu.<\/p>\n\n\n\n<p><strong>\u00a7 33<\/strong><\/p>\n\n\n\n<p>Zmiany Regulaminu wchodz\u0105 w \u017cycie w terminie podanym wraz z informacj\u0105 o jego zmianie, nie wcze\u015bniej jednak ni\u017c po up\u0142ywie 14 dni kalendarzowych od momentu poinformowania o zmianach. Regulaminu, z tym zastrze\u017ceniem, \u017ce zmieniony Regulamin b\u0119dzie wi\u0105za\u0107 U\u017cytkownika, o ile w terminie 14 dni od dnia otrzymania informacji o jego zmianie nie o\u015bwiadczy on o rezygnacji z us\u0142ugi Newsletter w przypadku braku akceptacji nowej tre\u015bci Regulaminu.<\/p>\n\n\n\n<p><strong>\u00a7 34<\/strong><\/p>\n\n\n\n<p>Niniejszy Regulamin dost\u0119pny jest nieodp\u0142atnie pod adresem <a href=\"https:\/\/kako-localize.pl\/\"><strong><em>https:\/\/kako-localize.pl\/<\/em><\/strong><\/a>w formie, kt\u00f3ra umo\u017cliwia pozyskanie, odtwarzanie i utrwalanie tre\u015bci niniejszego Regulaminu za pomoc\u0105 systemu teleinformatycznego, kt\u00f3rym pos\u0142uguje si\u0119 U\u017cytkownik. Utrwalenie, zabezpieczenie i udost\u0119pnienie tre\u015bci umowy dotycz\u0105cej us\u0142ugi \u201eNewsletter\u201d nast\u0119puje przez przes\u0142anie Klientowi na adres poczty elektronicznej podany w ramach rejestracji tre\u015bci zawartej umowy.<\/p>\n\n\n\n<p><strong>\u00a7 35<\/strong><\/p>\n\n\n\n<p>Umowa zawierana jest w j\u0119zyku polskim.<\/p>\n\n\n\n<p><strong>\u00a7 36<\/strong><\/p>\n\n\n\n<p>Prawem w\u0142a\u015bciwym dla Umowy jest prawo Rzeczpospolitej Polskiej, a s\u0105dami, s\u0105dy powszechne w Rzeczpospolitej Polskiej, chyba \u017ce co innego wynika z bezwzgl\u0119dnie obowi\u0105zuj\u0105cych przepis\u00f3w prawa.<\/p>\n","protected":false},"excerpt":{"rendered":"<p>REGULAMIN US\u0141UGI &#8222;NEWSLETTER&#8221; [stosuje si\u0119 do um\u00f3w zawartych od dnia 25 maja 2018 r.] Niniejszy Regulamin okre\u015bla zasady i warunki \u015bwiadczenia przez Kamila Koz\u0142owska prowadz\u0105ca dzia\u0142alno\u015b\u0107 gospodarcz\u0105 pod nazw\u0105 KAKO-localize z siedzib\u0105 ul. Mi\u0119dzyleska 3e\/37, 50-514 Wroc\u0142aw; nieodp\u0142atnej us\u0142ugi &#8222;Newsletter&#8221; drog\u0105 elektroniczn\u0105. \u00a7 1 \u201eNewsletter\u201d &#8211; elektroniczna us\u0142uga dystrybucyjna \u015bwiadczona przez KAKO-localize z siedzib\u0105 we [&hellip;]<\/p>\n","protected":false},"author":1,"featured_media":0,"parent":0,"menu_order":0,"comment_status":"closed","ping_status":"closed","template":"","meta":{"footnotes":""},"class_list":["post-2421","page","type-page","status-publish","hentry"],"_links":{"self":[{"href":"https:\/\/kako-localize.pl\/en\/wp-json\/wp\/v2\/pages\/2421","targetHints":{"allow":["GET"]}}],"collection":[{"href":"https:\/\/kako-localize.pl\/en\/wp-json\/wp\/v2\/pages"}],"about":[{"href":"https:\/\/kako-localize.pl\/en\/wp-json\/wp\/v2\/types\/page"}],"author":[{"embeddable":true,"href":"https:\/\/kako-localize.pl\/en\/wp-json\/wp\/v2\/users\/1"}],"replies":[{"embeddable":true,"href":"https:\/\/kako-localize.pl\/en\/wp-json\/wp\/v2\/comments?post=2421"}],"version-history":[{"count":3,"href":"https:\/\/kako-localize.pl\/en\/wp-json\/wp\/v2\/pages\/2421\/revisions"}],"predecessor-version":[{"id":2703,"href":"https:\/\/kako-localize.pl\/en\/wp-json\/wp\/v2\/pages\/2421\/revisions\/2703"}],"wp:attachment":[{"href":"https:\/\/kako-localize.pl\/en\/wp-json\/wp\/v2\/media?parent=2421"}],"curies":[{"name":"wp","href":"https:\/\/api.w.org\/{rel}","templated":true}]}}