{"id":2658,"date":"2024-03-13T11:28:21","date_gmt":"2024-03-13T10:28:21","guid":{"rendered":"https:\/\/kako-localize.pl\/?page_id=2658"},"modified":"2024-03-13T14:06:06","modified_gmt":"2024-03-13T13:06:06","slug":"polityka-cookies","status":"publish","type":"page","link":"https:\/\/kako-localize.pl\/en\/polityka-cookies\/","title":{"rendered":"Polityka cookies"},"content":{"rendered":"<div data-elementor-type=\"wp-page\" data-elementor-id=\"2658\" class=\"elementor elementor-2658\">\n\t\t\t\t\t\t<section class=\"elementor-section elementor-top-section elementor-element elementor-element-1a5615d elementor-section-boxed elementor-section-height-default elementor-section-height-default\" data-id=\"1a5615d\" data-element_type=\"section\" data-e-type=\"section\" data-settings=\"{&quot;background_background&quot;:&quot;classic&quot;}\">\n\t\t\t\t\t\t<div class=\"elementor-container elementor-column-gap-default\">\n\t\t\t\t\t<div class=\"elementor-column elementor-col-100 elementor-top-column elementor-element elementor-element-6ae4975\" data-id=\"6ae4975\" data-element_type=\"column\" data-e-type=\"column\">\n\t\t\t<div class=\"elementor-widget-wrap elementor-element-populated\">\n\t\t\t\t\t\t<div class=\"elementor-element elementor-element-4149e0a elementor-widget elementor-widget-heading\" data-id=\"4149e0a\" data-element_type=\"widget\" data-e-type=\"widget\" data-widget_type=\"heading.default\">\n\t\t\t\t<div class=\"elementor-widget-container\">\n\t\t\t\t\t<h3 class=\"elementor-heading-title elementor-size-default\">Polityka cookies<\/h3>\t\t\t\t<\/div>\n\t\t\t\t<\/div>\n\t\t\t\t\t<\/div>\n\t\t<\/div>\n\t\t\t\t\t<\/div>\n\t\t<\/section>\n\t\t\t\t<section class=\"elementor-section elementor-top-section elementor-element elementor-element-a2fb71a elementor-section-boxed elementor-section-height-default elementor-section-height-default\" data-id=\"a2fb71a\" data-element_type=\"section\" data-e-type=\"section\">\n\t\t\t\t\t\t<div class=\"elementor-container elementor-column-gap-default\">\n\t\t\t\t\t<div class=\"elementor-column elementor-col-100 elementor-top-column elementor-element elementor-element-d7627c1\" data-id=\"d7627c1\" data-element_type=\"column\" data-e-type=\"column\">\n\t\t\t<div class=\"elementor-widget-wrap elementor-element-populated\">\n\t\t\t\t\t\t<div class=\"elementor-element elementor-element-d5f3c92 elementor-widget elementor-widget-spacer\" data-id=\"d5f3c92\" data-element_type=\"widget\" data-e-type=\"widget\" data-widget_type=\"spacer.default\">\n\t\t\t\t<div class=\"elementor-widget-container\">\n\t\t\t\t\t\t\t<div class=\"elementor-spacer\">\n\t\t\t<div class=\"elementor-spacer-inner\"><\/div>\n\t\t<\/div>\n\t\t\t\t\t\t<\/div>\n\t\t\t\t<\/div>\n\t\t\t\t<div class=\"elementor-element elementor-element-aa4cc3f elementor-position-top elementor-widget elementor-widget-image-box\" data-id=\"aa4cc3f\" data-element_type=\"widget\" data-e-type=\"widget\" data-widget_type=\"image-box.default\">\n\t\t\t\t<div class=\"elementor-widget-container\">\n\t\t\t\t\t<div class=\"elementor-image-box-wrapper\"><figure class=\"elementor-image-box-img\"><img decoding=\"async\" width=\"96\" height=\"96\" src=\"https:\/\/kako-localize.pl\/wp-content\/uploads\/2024\/03\/cookie.png\" class=\"attachment-full size-full wp-image-2664\" alt=\"\" srcset=\"https:\/\/kako-localize.pl\/wp-content\/uploads\/2024\/03\/cookie.png 96w, https:\/\/kako-localize.pl\/wp-content\/uploads\/2024\/03\/cookie-12x12.png 12w, https:\/\/kako-localize.pl\/wp-content\/uploads\/2024\/03\/cookie-75x75.png 75w\" sizes=\"(max-width: 96px) 100vw, 96px\" \/><\/figure><div class=\"elementor-image-box-content\"><h3 class=\"elementor-image-box-title\">Kilka Podstawowych Informacji<\/h3><\/div><\/div>\t\t\t\t<\/div>\n\t\t\t\t<\/div>\n\t\t\t\t<div class=\"elementor-element elementor-element-32ccfb9 elementor-position-left elementor-position-left elementor-vertical-align-middle elementor-vertical-align-top elementor-widget elementor-widget-image-box\" data-id=\"32ccfb9\" data-element_type=\"widget\" data-e-type=\"widget\" data-widget_type=\"image-box.default\">\n\t\t\t\t<div class=\"elementor-widget-container\">\n\t\t\t\t\t<div class=\"elementor-image-box-wrapper\"><figure class=\"elementor-image-box-img\"><img decoding=\"async\" width=\"96\" height=\"96\" src=\"https:\/\/kako-localize.pl\/wp-content\/uploads\/2024\/03\/cookies02.png\" class=\"attachment-full size-full wp-image-2669\" alt=\"\" srcset=\"https:\/\/kako-localize.pl\/wp-content\/uploads\/2024\/03\/cookies02.png 96w, https:\/\/kako-localize.pl\/wp-content\/uploads\/2024\/03\/cookies02-12x12.png 12w, https:\/\/kako-localize.pl\/wp-content\/uploads\/2024\/03\/cookies02-75x75.png 75w\" sizes=\"(max-width: 96px) 100vw, 96px\" \/><\/figure><div class=\"elementor-image-box-content\"><p class=\"elementor-image-box-description\"><b>Administrator Twoich danych:<\/b> Kamila Koz\u0142owska prowadz\u0105ca dzia\u0142alno\u015b\u0107 gospodarcz\u0105 pod nazw\u0105 KAKO-localize z siedzib\u0105 przy ul. Lipowej 67 w Mnichowicach (55-020), NIP 8992859645.\u00a0<\/p><\/div><\/div>\t\t\t\t<\/div>\n\t\t\t\t<\/div>\n\t\t\t\t<div class=\"elementor-element elementor-element-38578b6 elementor-position-left elementor-vertical-align-top elementor-widget elementor-widget-image-box\" data-id=\"38578b6\" data-element_type=\"widget\" data-e-type=\"widget\" data-widget_type=\"image-box.default\">\n\t\t\t\t<div class=\"elementor-widget-container\">\n\t\t\t\t\t<div class=\"elementor-image-box-wrapper\"><figure class=\"elementor-image-box-img\"><img decoding=\"async\" width=\"96\" height=\"96\" src=\"https:\/\/kako-localize.pl\/wp-content\/uploads\/2024\/03\/cookies02.png\" class=\"attachment-full size-full wp-image-2669\" alt=\"\" srcset=\"https:\/\/kako-localize.pl\/wp-content\/uploads\/2024\/03\/cookies02.png 96w, https:\/\/kako-localize.pl\/wp-content\/uploads\/2024\/03\/cookies02-12x12.png 12w, https:\/\/kako-localize.pl\/wp-content\/uploads\/2024\/03\/cookies02-75x75.png 75w\" sizes=\"(max-width: 96px) 100vw, 96px\" \/><\/figure><div class=\"elementor-image-box-content\"><p class=\"elementor-image-box-description\"><b>Dane kontaktowe Administratora:<\/b> kontakt z Administratorem jest mo\u017cliwy: \n<br>    \u2022 drog\u0105 e-mail: <a href=\"mailto:info@kako-localize.pl\">info@kako-localize.pl<\/a>;\n<br>    \u2022 drog\u0105 pisemn\u0105: na adres mojej siedziby. <\/p><\/div><\/div>\t\t\t\t<\/div>\n\t\t\t\t<\/div>\n\t\t\t\t<div class=\"elementor-element elementor-element-382cab1 elementor-position-left elementor-vertical-align-top elementor-widget elementor-widget-image-box\" data-id=\"382cab1\" data-element_type=\"widget\" data-e-type=\"widget\" data-widget_type=\"image-box.default\">\n\t\t\t\t<div class=\"elementor-widget-container\">\n\t\t\t\t\t<div class=\"elementor-image-box-wrapper\"><figure class=\"elementor-image-box-img\"><img decoding=\"async\" width=\"96\" height=\"96\" src=\"https:\/\/kako-localize.pl\/wp-content\/uploads\/2024\/03\/cookies02.png\" class=\"attachment-full size-full wp-image-2669\" alt=\"\" srcset=\"https:\/\/kako-localize.pl\/wp-content\/uploads\/2024\/03\/cookies02.png 96w, https:\/\/kako-localize.pl\/wp-content\/uploads\/2024\/03\/cookies02-12x12.png 12w, https:\/\/kako-localize.pl\/wp-content\/uploads\/2024\/03\/cookies02-75x75.png 75w\" sizes=\"(max-width: 96px) 100vw, 96px\" \/><\/figure><div class=\"elementor-image-box-content\"><p class=\"elementor-image-box-description\"><b>Pliki cookie:<\/b> znane r\u00f3wnie\u017c jako ciasteczka internetowe, to ma\u0142e fragmenty danych wysy\u0142ane przez strony internetowe i zapisywane na urz\u0105dzeniu u\u017cytkownika \u2013 przez przegl\u0105dark\u0119 internetow\u0105 podczas przegl\u0105dania stron. Dzi\u0119ki nim serwis mo\u017ce \u201ezapami\u0119ta\u0107\u201d dzia\u0142ania i preferencje u\u017cytkownika na okre\u015blony czas, co oznacza, \u017ce nie musi on wprowadza\u0107 ich ponownie przy ka\u017cdym odwiedzeniu strony lub przegl\u0105daniu jej r\u00f3\u017cnych zak\u0142adek. Cookies mog\u0105 by\u0107 wykorzystywane do r\u00f3\u017cnych cel\u00f3w: od zapisywania prostych informacji, jak preferencje dotycz\u0105ce prywatno\u015bci, przez monitorowanie liczby odwiedzin na stronie, po personalizacj\u0119 reklam wy\u015bwietlanych u\u017cytkownikowi. <\/p><\/div><\/div>\t\t\t\t<\/div>\n\t\t\t\t<\/div>\n\t\t\t\t<div class=\"elementor-element elementor-element-40e2747 elementor-position-left elementor-vertical-align-top elementor-widget elementor-widget-image-box\" data-id=\"40e2747\" data-element_type=\"widget\" data-e-type=\"widget\" data-widget_type=\"image-box.default\">\n\t\t\t\t<div class=\"elementor-widget-container\">\n\t\t\t\t\t<div class=\"elementor-image-box-wrapper\"><figure class=\"elementor-image-box-img\"><img decoding=\"async\" width=\"96\" height=\"96\" src=\"https:\/\/kako-localize.pl\/wp-content\/uploads\/2024\/03\/cookies02.png\" class=\"attachment-full size-full wp-image-2669\" alt=\"\" srcset=\"https:\/\/kako-localize.pl\/wp-content\/uploads\/2024\/03\/cookies02.png 96w, https:\/\/kako-localize.pl\/wp-content\/uploads\/2024\/03\/cookies02-12x12.png 12w, https:\/\/kako-localize.pl\/wp-content\/uploads\/2024\/03\/cookies02-75x75.png 75w\" sizes=\"(max-width: 96px) 100vw, 96px\" \/><\/figure><div class=\"elementor-image-box-content\"><p class=\"elementor-image-box-description\"><b>Serwis\/Strona: <\/b>serwis internetowy prowadzony przez Administratora pod adresem https:\/\/kako-localize.pl\/.<\/p><\/div><\/div>\t\t\t\t<\/div>\n\t\t\t\t<\/div>\n\t\t\t\t<div class=\"elementor-element elementor-element-361a854 elementor-position-left elementor-vertical-align-top elementor-widget elementor-widget-image-box\" data-id=\"361a854\" data-element_type=\"widget\" data-e-type=\"widget\" data-widget_type=\"image-box.default\">\n\t\t\t\t<div class=\"elementor-widget-container\">\n\t\t\t\t\t<div class=\"elementor-image-box-wrapper\"><figure class=\"elementor-image-box-img\"><img decoding=\"async\" width=\"96\" height=\"96\" src=\"https:\/\/kako-localize.pl\/wp-content\/uploads\/2024\/03\/cookies02.png\" class=\"attachment-full size-full wp-image-2669\" alt=\"\" srcset=\"https:\/\/kako-localize.pl\/wp-content\/uploads\/2024\/03\/cookies02.png 96w, https:\/\/kako-localize.pl\/wp-content\/uploads\/2024\/03\/cookies02-12x12.png 12w, https:\/\/kako-localize.pl\/wp-content\/uploads\/2024\/03\/cookies02-75x75.png 75w\" sizes=\"(max-width: 96px) 100vw, 96px\" \/><\/figure><div class=\"elementor-image-box-content\"><p class=\"elementor-image-box-description\"><b>Urz\u0105dzenie<\/b> \u2013 to urz\u0105dzenie elektroniczne za po\u015brednictwem, kt\u00f3rego uzyskujesz dost\u0119p do Serwisu i korzystasz z jego funkcji.<\/p><\/div><\/div>\t\t\t\t<\/div>\n\t\t\t\t<\/div>\n\t\t\t\t<div class=\"elementor-element elementor-element-a476641 elementor-widget elementor-widget-spacer\" data-id=\"a476641\" data-element_type=\"widget\" data-e-type=\"widget\" data-widget_type=\"spacer.default\">\n\t\t\t\t<div class=\"elementor-widget-container\">\n\t\t\t\t\t\t\t<div class=\"elementor-spacer\">\n\t\t\t<div class=\"elementor-spacer-inner\"><\/div>\n\t\t<\/div>\n\t\t\t\t\t\t<\/div>\n\t\t\t\t<\/div>\n\t\t\t\t\t<\/div>\n\t\t<\/div>\n\t\t\t\t\t<\/div>\n\t\t<\/section>\n\t\t\t\t<section class=\"elementor-section elementor-top-section elementor-element elementor-element-5bdcc08 elementor-section-boxed elementor-section-height-default elementor-section-height-default\" data-id=\"5bdcc08\" data-element_type=\"section\" data-e-type=\"section\">\n\t\t\t\t\t\t<div class=\"elementor-container elementor-column-gap-default\">\n\t\t\t\t\t<div class=\"elementor-column elementor-col-100 elementor-top-column elementor-element elementor-element-2ba5621\" data-id=\"2ba5621\" data-element_type=\"column\" data-e-type=\"column\">\n\t\t\t<div class=\"elementor-widget-wrap elementor-element-populated\">\n\t\t\t\t\t\t<div class=\"elementor-element elementor-element-dfbdf0f elementor-position-top elementor-widget elementor-widget-image-box\" data-id=\"dfbdf0f\" data-element_type=\"widget\" data-e-type=\"widget\" data-widget_type=\"image-box.default\">\n\t\t\t\t<div class=\"elementor-widget-container\">\n\t\t\t\t\t<div class=\"elementor-image-box-wrapper\"><figure class=\"elementor-image-box-img\"><img decoding=\"async\" width=\"96\" height=\"96\" src=\"https:\/\/kako-localize.pl\/wp-content\/uploads\/2024\/03\/cookie.png\" class=\"attachment-full size-full wp-image-2664\" alt=\"\" srcset=\"https:\/\/kako-localize.pl\/wp-content\/uploads\/2024\/03\/cookie.png 96w, https:\/\/kako-localize.pl\/wp-content\/uploads\/2024\/03\/cookie-12x12.png 12w, https:\/\/kako-localize.pl\/wp-content\/uploads\/2024\/03\/cookie-75x75.png 75w\" sizes=\"(max-width: 96px) 100vw, 96px\" \/><\/figure><div class=\"elementor-image-box-content\"><h3 class=\"elementor-image-box-title\">O cookies na mojej Stronie<\/h3><\/div><\/div>\t\t\t\t<\/div>\n\t\t\t\t<\/div>\n\t\t\t\t<div class=\"elementor-element elementor-element-160c7ad elementor-widget elementor-widget-text-editor\" data-id=\"160c7ad\" data-element_type=\"widget\" data-e-type=\"widget\" data-widget_type=\"text-editor.default\">\n\t\t\t\t<div class=\"elementor-widget-container\">\n\t\t\t\t\t\t\t\t\t<p>U\u017cywam plik\u00f3w cookie w celu zoptymalizowania i usprawnienia Strony, a tym samym podniesieniu jako\u015bci \u015bwiadczonych us\u0142ug.<\/p>\t\t\t\t\t\t\t\t<\/div>\n\t\t\t\t<\/div>\n\t\t\t\t<div class=\"elementor-element elementor-element-422c45f elementor-widget elementor-widget-spacer\" data-id=\"422c45f\" data-element_type=\"widget\" data-e-type=\"widget\" data-widget_type=\"spacer.default\">\n\t\t\t\t<div class=\"elementor-widget-container\">\n\t\t\t\t\t\t\t<div class=\"elementor-spacer\">\n\t\t\t<div class=\"elementor-spacer-inner\"><\/div>\n\t\t<\/div>\n\t\t\t\t\t\t<\/div>\n\t\t\t\t<\/div>\n\t\t\t\t\t<\/div>\n\t\t<\/div>\n\t\t\t\t\t<\/div>\n\t\t<\/section>\n\t\t\t\t<section class=\"elementor-section elementor-top-section elementor-element elementor-element-aff28b0 elementor-section-boxed elementor-section-height-default elementor-section-height-default\" data-id=\"aff28b0\" data-element_type=\"section\" data-e-type=\"section\">\n\t\t\t\t\t\t<div class=\"elementor-container elementor-column-gap-default\">\n\t\t\t\t\t<div class=\"elementor-column elementor-col-100 elementor-top-column elementor-element elementor-element-ef692c3\" data-id=\"ef692c3\" data-element_type=\"column\" data-e-type=\"column\">\n\t\t\t<div class=\"elementor-widget-wrap elementor-element-populated\">\n\t\t\t\t\t\t<div class=\"elementor-element elementor-element-d766ef5 elementor-position-top elementor-widget elementor-widget-image-box\" data-id=\"d766ef5\" data-element_type=\"widget\" data-e-type=\"widget\" data-widget_type=\"image-box.default\">\n\t\t\t\t<div class=\"elementor-widget-container\">\n\t\t\t\t\t<div class=\"elementor-image-box-wrapper\"><figure class=\"elementor-image-box-img\"><img decoding=\"async\" width=\"96\" height=\"96\" src=\"https:\/\/kako-localize.pl\/wp-content\/uploads\/2024\/03\/cookie.png\" class=\"attachment-full size-full wp-image-2664\" alt=\"\" srcset=\"https:\/\/kako-localize.pl\/wp-content\/uploads\/2024\/03\/cookie.png 96w, https:\/\/kako-localize.pl\/wp-content\/uploads\/2024\/03\/cookie-12x12.png 12w, https:\/\/kako-localize.pl\/wp-content\/uploads\/2024\/03\/cookie-75x75.png 75w\" sizes=\"(max-width: 96px) 100vw, 96px\" \/><\/figure><\/div>\t\t\t\t<\/div>\n\t\t\t\t<\/div>\n\t\t\t\t<div class=\"elementor-element elementor-element-4be4dd4 elementor-widget elementor-widget-text-editor\" data-id=\"4be4dd4\" data-element_type=\"widget\" data-e-type=\"widget\" data-widget_type=\"text-editor.default\">\n\t\t\t\t<div class=\"elementor-widget-container\">\n\t\t\t\t\t\t\t\t\t<p>Na Stronie u\u017cywam plik\u00f3w cookie r\u00f3wnie\u017c w celach statystycznych (m.in. na potrzeby liczenia odwiedzin Strony) czy analitycznych (np. na sprawdzenie, jaka jest przeci\u0119tna d\u0142ugo\u015b\u0107 wizyty w sklepie internetowym). Na Stronie wykorzystuj\u0119 pliki cookies w\u0142asne oraz podmiot\u00f3w trzecich. Rodzaje u\u017cywanych cookies to: sesyjne, trwa\u0142e, cookies podmiot\u00f3w trzecich, ustawiane przez inne serwisy takie jak Google Analytics, Instagram, LinkedIn, Facebook.<\/p>\t\t\t\t\t\t\t\t<\/div>\n\t\t\t\t<\/div>\n\t\t\t\t\t<\/div>\n\t\t<\/div>\n\t\t\t\t\t<\/div>\n\t\t<\/section>\n\t\t\t\t<section class=\"elementor-section elementor-top-section elementor-element elementor-element-9e5109c elementor-section-boxed elementor-section-height-default elementor-section-height-default\" data-id=\"9e5109c\" data-element_type=\"section\" data-e-type=\"section\">\n\t\t\t\t\t\t<div class=\"elementor-container elementor-column-gap-default\">\n\t\t\t\t\t<div class=\"elementor-column elementor-col-100 elementor-top-column elementor-element elementor-element-3ac37c1\" data-id=\"3ac37c1\" data-element_type=\"column\" data-e-type=\"column\">\n\t\t\t<div class=\"elementor-widget-wrap elementor-element-populated\">\n\t\t\t\t\t\t<div class=\"elementor-element elementor-element-79dc94e elementor-position-top elementor-widget elementor-widget-image-box\" data-id=\"79dc94e\" data-element_type=\"widget\" data-e-type=\"widget\" data-widget_type=\"image-box.default\">\n\t\t\t\t<div class=\"elementor-widget-container\">\n\t\t\t\t\t<div class=\"elementor-image-box-wrapper\"><figure class=\"elementor-image-box-img\"><img decoding=\"async\" width=\"96\" height=\"96\" src=\"https:\/\/kako-localize.pl\/wp-content\/uploads\/2024\/03\/cookie.png\" class=\"attachment-full size-full wp-image-2664\" alt=\"\" srcset=\"https:\/\/kako-localize.pl\/wp-content\/uploads\/2024\/03\/cookie.png 96w, https:\/\/kako-localize.pl\/wp-content\/uploads\/2024\/03\/cookie-12x12.png 12w, https:\/\/kako-localize.pl\/wp-content\/uploads\/2024\/03\/cookie-75x75.png 75w\" sizes=\"(max-width: 96px) 100vw, 96px\" \/><\/figure><\/div>\t\t\t\t<\/div>\n\t\t\t\t<\/div>\n\t\t\t\t<div class=\"elementor-element elementor-element-49be0d1 elementor-widget elementor-widget-text-editor\" data-id=\"49be0d1\" data-element_type=\"widget\" data-e-type=\"widget\" data-widget_type=\"text-editor.default\">\n\t\t\t\t<div class=\"elementor-widget-container\">\n\t\t\t\t\t\t\t\t\t<p>M\u00f3j Serwis korzysta z funkcji oferowanych przez Facebook, Instagram i LinkedIn (korzystam tak\u017ce z Google+, Mailerlite, Google Analytics, Mapy Google, WhatsApp) poprzez tzw. wtyczki. Oznacza to, \u017ce gdy otwierasz stron\u0119, to Twoja przegl\u0105darka na Urz\u0105dzeniu automatycznie \u0142\u0105czy si\u0119 z serwerami tych platform spo\u0142eczno\u015bciowych. W efekcie, operatorzy tych serwis\u00f3w s\u0105 informowani o Twojej wizycie na danej stronie internetowej. Twoje IP oraz fakt odwiedzin strony s\u0105 przekazywane do serwer\u00f3w tych firm. Wi\u0119cej szczeg\u00f3\u0142\u00f3w w tym zakresie znajdziesz w politykach prywatno\u015bci danych serwis\u00f3w spo\u0142eczno\u015bciowych.<\/p>\t\t\t\t\t\t\t\t<\/div>\n\t\t\t\t<\/div>\n\t\t\t\t\t<\/div>\n\t\t<\/div>\n\t\t\t\t\t<\/div>\n\t\t<\/section>\n\t\t\t\t<section class=\"elementor-section elementor-top-section elementor-element elementor-element-6fd41fc elementor-section-boxed elementor-section-height-default elementor-section-height-default\" data-id=\"6fd41fc\" data-element_type=\"section\" data-e-type=\"section\">\n\t\t\t\t\t\t<div class=\"elementor-container elementor-column-gap-default\">\n\t\t\t\t\t<div class=\"elementor-column elementor-col-100 elementor-top-column elementor-element elementor-element-293d5b4\" data-id=\"293d5b4\" data-element_type=\"column\" data-e-type=\"column\">\n\t\t\t<div class=\"elementor-widget-wrap elementor-element-populated\">\n\t\t\t\t\t\t<div class=\"elementor-element elementor-element-9cef5ea elementor-position-top elementor-widget elementor-widget-image-box\" data-id=\"9cef5ea\" data-element_type=\"widget\" data-e-type=\"widget\" data-widget_type=\"image-box.default\">\n\t\t\t\t<div class=\"elementor-widget-container\">\n\t\t\t\t\t<div class=\"elementor-image-box-wrapper\"><figure class=\"elementor-image-box-img\"><img decoding=\"async\" width=\"96\" height=\"96\" src=\"https:\/\/kako-localize.pl\/wp-content\/uploads\/2024\/03\/cookie.png\" class=\"attachment-full size-full wp-image-2664\" alt=\"\" srcset=\"https:\/\/kako-localize.pl\/wp-content\/uploads\/2024\/03\/cookie.png 96w, https:\/\/kako-localize.pl\/wp-content\/uploads\/2024\/03\/cookie-12x12.png 12w, https:\/\/kako-localize.pl\/wp-content\/uploads\/2024\/03\/cookie-75x75.png 75w\" sizes=\"(max-width: 96px) 100vw, 96px\" \/><\/figure><\/div>\t\t\t\t<\/div>\n\t\t\t\t<\/div>\n\t\t\t\t<div class=\"elementor-element elementor-element-3ca9934 elementor-widget elementor-widget-text-editor\" data-id=\"3ca9934\" data-element_type=\"widget\" data-e-type=\"widget\" data-widget_type=\"text-editor.default\">\n\t\t\t\t<div class=\"elementor-widget-container\">\n\t\t\t\t\t\t\t\t\t<p>Mo\u017cesz zarz\u0105dza\u0107 ustawieniami cookies, blokuj\u0105c je lub otrzymuj\u0105c powiadomienia, poprzez zmian\u0119 ustawie\u0144 w Twojej przegl\u0105darce internetowej na Urz\u0105dzeniu. Poni\u017cej znajdziesz linki do instrukcji dotycz\u0105cych zarz\u0105dzania cookies dla r\u00f3\u017cnych przegl\u0105darek:<\/p><ul><li>Firefox: <a href=\"https:\/\/support.mozilla.org\/pl\/kb\/blokowanie-ciasteczek\">Instrukcje dla Firefox<\/a><\/li><li>Chrome: <a href=\"https:\/\/support.google.com\/chrome\/answer\/95647?hl=pl\">Instrukcje dla Chrome<\/a><\/li><li>Opera: <a href=\"https:\/\/help.opera.com\/pl\/latest\/security-and-privacy\/\">Instrukcje dla Opera<\/a><\/li><li>Safari: <a href=\"https:\/\/support.apple.com\/pl-pl\/guide\/safari\/sfri11471\/mac\">Instrukcje dla Safari<\/a><\/li><\/ul><p><br \/>Brak zmiany ustawie\u0144 przegl\u0105darki internetowej na Twoim urz\u0105dzeniu jest r\u00f3wnoznaczny z wyra\u017ceniem przez Ciebie zgody na ich u\u017cycie w Serwisie. Pliki cookie z kt\u00f3rych obecnie korzystam s\u0105 przechowywane na Twoim urz\u0105dzeniu przez czas okre\u015blony w ich parametrach lub do czasu gdy je usuniesz.<\/p><p>\u00a0<\/p><p><em>Polityka w tej wersji obowi\u0105zuje <strong>od dnia 6 marca 2024 r.<\/strong><\/em><br \/><em>Dost\u0119p do wersji archiwalnej \u2013 znajduje si\u0119 <a href=\"#\">tutaj<\/a>.<\/em><\/p>\t\t\t\t\t\t\t\t<\/div>\n\t\t\t\t<\/div>\n\t\t\t\t\t<\/div>\n\t\t<\/div>\n\t\t\t\t\t<\/div>\n\t\t<\/section>\n\t\t\t\t<section class=\"elementor-section elementor-top-section elementor-element elementor-element-89f0655 elementor-section-boxed elementor-section-height-default elementor-section-height-default\" data-id=\"89f0655\" data-element_type=\"section\" data-e-type=\"section\">\n\t\t\t\t\t\t<div class=\"elementor-container elementor-column-gap-default\">\n\t\t\t\t\t<div class=\"elementor-column elementor-col-100 elementor-top-column elementor-element elementor-element-91bd9a9\" data-id=\"91bd9a9\" data-element_type=\"column\" data-e-type=\"column\">\n\t\t\t<div class=\"elementor-widget-wrap elementor-element-populated\">\n\t\t\t\t\t\t<div class=\"elementor-element elementor-element-7a71cd6 elementor-widget elementor-widget-spacer\" data-id=\"7a71cd6\" data-element_type=\"widget\" data-e-type=\"widget\" data-widget_type=\"spacer.default\">\n\t\t\t\t<div class=\"elementor-widget-container\">\n\t\t\t\t\t\t\t<div class=\"elementor-spacer\">\n\t\t\t<div class=\"elementor-spacer-inner\"><\/div>\n\t\t<\/div>\n\t\t\t\t\t\t<\/div>\n\t\t\t\t<\/div>\n\t\t\t\t\t<\/div>\n\t\t<\/div>\n\t\t\t\t\t<\/div>\n\t\t<\/section>\n\t\t\t\t<\/div>","protected":false},"excerpt":{"rendered":"<p>Polityka cookies Kilka Podstawowych Informacji Administrator Twoich danych: Kamila Koz\u0142owska prowadz\u0105ca dzia\u0142alno\u015b\u0107 gospodarcz\u0105 pod nazw\u0105 KAKO-localize z siedzib\u0105 przy ul. Lipowej 67 w Mnichowicach (55-020), NIP 8992859645.\u00a0 Dane kontaktowe Administratora: kontakt z Administratorem jest mo\u017cliwy: \u2022 drog\u0105 e-mail: info@kako-localize.pl; \u2022 drog\u0105 pisemn\u0105: na adres mojej siedziby. Pliki cookie: znane r\u00f3wnie\u017c jako ciasteczka internetowe, to ma\u0142e [&hellip;]<\/p>\n","protected":false},"author":2,"featured_media":0,"parent":0,"menu_order":0,"comment_status":"closed","ping_status":"closed","template":"elementor_header_footer","meta":{"footnotes":""},"class_list":["post-2658","page","type-page","status-publish","hentry"],"_links":{"self":[{"href":"https:\/\/kako-localize.pl\/en\/wp-json\/wp\/v2\/pages\/2658","targetHints":{"allow":["GET"]}}],"collection":[{"href":"https:\/\/kako-localize.pl\/en\/wp-json\/wp\/v2\/pages"}],"about":[{"href":"https:\/\/kako-localize.pl\/en\/wp-json\/wp\/v2\/types\/page"}],"author":[{"embeddable":true,"href":"https:\/\/kako-localize.pl\/en\/wp-json\/wp\/v2\/users\/2"}],"replies":[{"embeddable":true,"href":"https:\/\/kako-localize.pl\/en\/wp-json\/wp\/v2\/comments?post=2658"}],"version-history":[{"count":29,"href":"https:\/\/kako-localize.pl\/en\/wp-json\/wp\/v2\/pages\/2658\/revisions"}],"predecessor-version":[{"id":2773,"href":"https:\/\/kako-localize.pl\/en\/wp-json\/wp\/v2\/pages\/2658\/revisions\/2773"}],"wp:attachment":[{"href":"https:\/\/kako-localize.pl\/en\/wp-json\/wp\/v2\/media?parent=2658"}],"curies":[{"name":"wp","href":"https:\/\/api.w.org\/{rel}","templated":true}]}}